{"id":11,"date":"2020-05-26T08:01:09","date_gmt":"2020-05-26T08:01:09","guid":{"rendered":"https:\/\/test.plasticsbenet.com\/?page_id=11"},"modified":"2020-06-02T13:55:29","modified_gmt":"2020-06-02T13:55:29","slug":"inicio","status":"publish","type":"page","link":"https:\/\/www.plasticsbenet.com\/","title":{"rendered":"Inicio"},"content":{"rendered":"<p>\u00a1Bienvenido a tu sitio! Esta es tu p\u00e1gina de inicio, que es la que la mayor\u00eda de visitantes ver\u00e1n cuando vengan a tu sitio por primera vez.<\/p>\n","protected":false},"excerpt":{"rendered":"<p>\u00a1Bienvenido a tu sitio! Esta es tu p\u00e1gina de inicio, que es la que la mayor\u00eda de visitantes ver\u00e1n cuando vengan a tu sitio por primera vez.<\/p>\n","protected":false},"author":1,"featured_media":0,"parent":0,"menu_order":0,"comment_status":"closed","ping_status":"closed","template":"","meta":{"footnotes":""},"class_list":["post-11","page","type-page","status-publish","hentry"],"yoast_head":"<!-- This site is optimized with the Yoast SEO plugin v20.2.1 - https:\/\/yoast.com\/wordpress\/plugins\/seo\/ -->\n<title>Inicio - PLASTICS BENET<\/title>\n<meta name=\"robots\" content=\"index, follow, max-snippet:-1, max-image-preview:large, max-video-preview:-1\" \/>\n<link rel=\"canonical\" href=\"https:\/\/www.plasticsbenet.com\/\" \/>\n<meta property=\"og:locale\" content=\"es_ES\" \/>\n<meta property=\"og:type\" content=\"article\" \/>\n<meta property=\"og:title\" content=\"Inicio - PLASTICS BENET\" \/>\n<meta property=\"og:description\" content=\"\u00a1Bienvenido a tu sitio! Esta es tu p\u00e1gina de inicio, que es la que la mayor\u00eda de visitantes ver\u00e1n cuando vengan a tu sitio por primera vez.\" \/>\n<meta property=\"og:url\" content=\"https:\/\/www.plasticsbenet.com\/\" \/>\n<meta property=\"og:site_name\" content=\"PLASTICS BENET\" \/>\n<meta property=\"article:modified_time\" content=\"2020-06-02T13:55:29+00:00\" \/>\n<meta name=\"twitter:card\" content=\"summary_large_image\" \/>\n<script type=\"application\/ld+json\" class=\"yoast-schema-graph\">{\"@context\":\"https:\/\/schema.org\",\"@graph\":[{\"@type\":\"WebPage\",\"@id\":\"https:\/\/www.plasticsbenet.com\/\",\"url\":\"https:\/\/www.plasticsbenet.com\/\",\"name\":\"Inicio - PLASTICS BENET\",\"isPartOf\":{\"@id\":\"https:\/\/www.plasticsbenet.com\/#website\"},\"datePublished\":\"2020-05-26T08:01:09+00:00\",\"dateModified\":\"2020-06-02T13:55:29+00:00\",\"breadcrumb\":{\"@id\":\"https:\/\/www.plasticsbenet.com\/#breadcrumb\"},\"inLanguage\":\"es\",\"potentialAction\":[{\"@type\":\"ReadAction\",\"target\":[\"https:\/\/www.plasticsbenet.com\/\"]}]},{\"@type\":\"BreadcrumbList\",\"@id\":\"https:\/\/www.plasticsbenet.com\/#breadcrumb\",\"itemListElement\":[{\"@type\":\"ListItem\",\"position\":1,\"name\":\"Portada\",\"item\":\"https:\/\/www.plasticsbenet.com\/\"},{\"@type\":\"ListItem\",\"position\":2,\"name\":\"Inicio\"}]},{\"@type\":\"WebSite\",\"@id\":\"https:\/\/www.plasticsbenet.com\/#website\",\"url\":\"https:\/\/www.plasticsbenet.com\/\",\"name\":\"PLASTICS BENET\",\"description\":\"\",\"publisher\":{\"@id\":\"https:\/\/www.plasticsbenet.com\/#organization\"},\"potentialAction\":[{\"@type\":\"SearchAction\",\"target\":{\"@type\":\"EntryPoint\",\"urlTemplate\":\"https:\/\/www.plasticsbenet.com\/?s={search_term_string}\"},\"query-input\":\"required name=search_term_string\"}],\"inLanguage\":\"es\"},{\"@type\":\"Organization\",\"@id\":\"https:\/\/www.plasticsbenet.com\/#organization\",\"name\":\"PLASTICS BENET\",\"url\":\"https:\/\/www.plasticsbenet.com\/\",\"logo\":{\"@type\":\"ImageObject\",\"inLanguage\":\"es\",\"@id\":\"https:\/\/www.plasticsbenet.com\/#\/schema\/logo\/image\/\",\"url\":\"https:\/\/www.plasticsbenet.com\/wp-content\/uploads\/2020\/05\/Logo.jpg\",\"contentUrl\":\"https:\/\/www.plasticsbenet.com\/wp-content\/uploads\/2020\/05\/Logo.jpg\",\"width\":140,\"height\":141,\"caption\":\"PLASTICS BENET\"},\"image\":{\"@id\":\"https:\/\/www.plasticsbenet.com\/#\/schema\/logo\/image\/\"}}]}<\/script>\n<!-- \/ Yoast SEO plugin. -->","yoast_head_json":{"title":"Inicio - PLASTICS BENET","robots":{"index":"index","follow":"follow","max-snippet":"max-snippet:-1","max-image-preview":"max-image-preview:large","max-video-preview":"max-video-preview:-1"},"canonical":"https:\/\/www.plasticsbenet.com\/","og_locale":"es_ES","og_type":"article","og_title":"Inicio - PLASTICS BENET","og_description":"\u00a1Bienvenido a tu sitio! Esta es tu p\u00e1gina de inicio, que es la que la mayor\u00eda de visitantes ver\u00e1n cuando vengan a tu sitio por primera vez.","og_url":"https:\/\/www.plasticsbenet.com\/","og_site_name":"PLASTICS BENET","article_modified_time":"2020-06-02T13:55:29+00:00","twitter_card":"summary_large_image","schema":{"@context":"https:\/\/schema.org","@graph":[{"@type":"WebPage","@id":"https:\/\/www.plasticsbenet.com\/","url":"https:\/\/www.plasticsbenet.com\/","name":"Inicio - PLASTICS BENET","isPartOf":{"@id":"https:\/\/www.plasticsbenet.com\/#website"},"datePublished":"2020-05-26T08:01:09+00:00","dateModified":"2020-06-02T13:55:29+00:00","breadcrumb":{"@id":"https:\/\/www.plasticsbenet.com\/#breadcrumb"},"inLanguage":"es","potentialAction":[{"@type":"ReadAction","target":["https:\/\/www.plasticsbenet.com\/"]}]},{"@type":"BreadcrumbList","@id":"https:\/\/www.plasticsbenet.com\/#breadcrumb","itemListElement":[{"@type":"ListItem","position":1,"name":"Portada","item":"https:\/\/www.plasticsbenet.com\/"},{"@type":"ListItem","position":2,"name":"Inicio"}]},{"@type":"WebSite","@id":"https:\/\/www.plasticsbenet.com\/#website","url":"https:\/\/www.plasticsbenet.com\/","name":"PLASTICS BENET","description":"","publisher":{"@id":"https:\/\/www.plasticsbenet.com\/#organization"},"potentialAction":[{"@type":"SearchAction","target":{"@type":"EntryPoint","urlTemplate":"https:\/\/www.plasticsbenet.com\/?s={search_term_string}"},"query-input":"required name=search_term_string"}],"inLanguage":"es"},{"@type":"Organization","@id":"https:\/\/www.plasticsbenet.com\/#organization","name":"PLASTICS BENET","url":"https:\/\/www.plasticsbenet.com\/","logo":{"@type":"ImageObject","inLanguage":"es","@id":"https:\/\/www.plasticsbenet.com\/#\/schema\/logo\/image\/","url":"https:\/\/www.plasticsbenet.com\/wp-content\/uploads\/2020\/05\/Logo.jpg","contentUrl":"https:\/\/www.plasticsbenet.com\/wp-content\/uploads\/2020\/05\/Logo.jpg","width":140,"height":141,"caption":"PLASTICS BENET"},"image":{"@id":"https:\/\/www.plasticsbenet.com\/#\/schema\/logo\/image\/"}}]}},"_links":{"self":[{"href":"https:\/\/www.plasticsbenet.com\/index.php?rest_route=\/wp\/v2\/pages\/11","targetHints":{"allow":["GET"]}}],"collection":[{"href":"https:\/\/www.plasticsbenet.com\/index.php?rest_route=\/wp\/v2\/pages"}],"about":[{"href":"https:\/\/www.plasticsbenet.com\/index.php?rest_route=\/wp\/v2\/types\/page"}],"author":[{"embeddable":true,"href":"https:\/\/www.plasticsbenet.com\/index.php?rest_route=\/wp\/v2\/users\/1"}],"replies":[{"embeddable":true,"href":"https:\/\/www.plasticsbenet.com\/index.php?rest_route=%2Fwp%2Fv2%2Fcomments&post=11"}],"version-history":[{"count":2,"href":"https:\/\/www.plasticsbenet.com\/index.php?rest_route=\/wp\/v2\/pages\/11\/revisions"}],"predecessor-version":[{"id":92,"href":"https:\/\/www.plasticsbenet.com\/index.php?rest_route=\/wp\/v2\/pages\/11\/revisions\/92"}],"wp:attachment":[{"href":"https:\/\/www.plasticsbenet.com\/index.php?rest_route=%2Fwp%2Fv2%2Fmedia&parent=11"}],"curies":[{"name":"wp","href":"https:\/\/api.w.org\/{rel}","templated":true}]}}