{"id":44,"date":"2020-05-26T20:58:49","date_gmt":"2020-05-26T20:58:49","guid":{"rendered":"https:\/\/test.plasticsbenet.com\/?page_id=44"},"modified":"2020-06-17T18:24:54","modified_gmt":"2020-06-17T16:24:54","slug":"empresa","status":"publish","type":"page","link":"https:\/\/www.plasticsbenet.com\/?page_id=44","title":{"rendered":"Empresa"},"content":{"rendered":"\n<p>Dise\u00f1amos, realizamos prototipos y fabricamos, ajust\u00e1ndose a las necesidades del cliente, somos sumamente \u00e1giles en su realizaci\u00f3n.<\/p>\n\n\n\n<p>No se consigue nada que valga la pena sin esfuerzo.<br> Nuestra ilusi\u00f3n y el objetivo de cada d\u00eda se base en esto.<br> La experiencia, un equipo de profesionales y una estructura de medios ofrece \u00absoluciones\u00bb con calidad y la rapidez que nuestros clientes exigen.<\/p>\n\n\n\n<p><\/p>\n\n\n\n<div class=\"wp-block-nextend-smartslider3\"><\/div>\n\n\n\n<div class=\"wp-block-themeisle-blocks-advanced-columns has-undefined-columns has-desktop-undefined-layout has-tablet-equal-layout has-mobile-equal-layout has-default-gap has-vertical-unset\" id=\"wp-block-themeisle-blocks-advanced-columns-1e5db923\" style=\"border-width:0px;border-style:solid;border-color:#000000;border-radius:0px;justify-content:unset\"><div class=\"wp-themeisle-block-overlay\" style=\"opacity:0.5;mix-blend-mode:normal\"><\/div><div class=\"innerblocks-wrap\"><\/div><\/div>\n","protected":false},"excerpt":{"rendered":"<p>Dise\u00f1amos, realizamos prototipos y fabricamos, ajust\u00e1ndose a las necesidades del cliente, somos sumamente \u00e1giles en su realizaci\u00f3n. No se consigue nada que valga la pena sin esfuerzo. Nuestra ilusi\u00f3n y el objetivo de cada d\u00eda se base en esto. La experiencia, un equipo de profesionales y una estructura de medios ofrece \u00absoluciones\u00bb con calidad y <a href=\"https:\/\/www.plasticsbenet.com\/?page_id=44\" rel=\"nofollow\"><span class=\"sr-only\">Leer m\u00e1sEmpresa<\/span>[&hellip;]<\/a><\/p>\n","protected":false},"author":1,"featured_media":0,"parent":0,"menu_order":0,"comment_status":"closed","ping_status":"closed","template":"","meta":{"footnotes":""},"class_list":["post-44","page","type-page","status-publish","hentry"],"yoast_head":"<!-- This site is optimized with the Yoast SEO plugin v20.2.1 - https:\/\/yoast.com\/wordpress\/plugins\/seo\/ -->\n<title>Empresa - PLASTICS BENET<\/title>\n<meta name=\"robots\" content=\"index, follow, max-snippet:-1, max-image-preview:large, max-video-preview:-1\" \/>\n<link rel=\"canonical\" href=\"https:\/\/www.plasticsbenet.com\/?page_id=44\" \/>\n<meta property=\"og:locale\" content=\"es_ES\" \/>\n<meta property=\"og:type\" content=\"article\" \/>\n<meta property=\"og:title\" content=\"Empresa - PLASTICS BENET\" \/>\n<meta property=\"og:description\" content=\"Dise\u00f1amos, realizamos prototipos y fabricamos, ajust\u00e1ndose a las necesidades del cliente, somos sumamente \u00e1giles en su realizaci\u00f3n. No se consigue nada que valga la pena sin esfuerzo. Nuestra ilusi\u00f3n y el objetivo de cada d\u00eda se base en esto. La experiencia, un equipo de profesionales y una estructura de medios ofrece \u00absoluciones\u00bb con calidad y Leer m\u00e1sEmpresa[&hellip;]\" \/>\n<meta property=\"og:url\" content=\"https:\/\/www.plasticsbenet.com\/?page_id=44\" \/>\n<meta property=\"og:site_name\" content=\"PLASTICS BENET\" \/>\n<meta property=\"article:modified_time\" content=\"2020-06-17T16:24:54+00:00\" \/>\n<meta name=\"twitter:card\" content=\"summary_large_image\" \/>\n<script type=\"application\/ld+json\" class=\"yoast-schema-graph\">{\"@context\":\"https:\/\/schema.org\",\"@graph\":[{\"@type\":\"WebPage\",\"@id\":\"https:\/\/www.plasticsbenet.com\/?page_id=44\",\"url\":\"https:\/\/www.plasticsbenet.com\/?page_id=44\",\"name\":\"Empresa - PLASTICS BENET\",\"isPartOf\":{\"@id\":\"https:\/\/www.plasticsbenet.com\/#website\"},\"datePublished\":\"2020-05-26T20:58:49+00:00\",\"dateModified\":\"2020-06-17T16:24:54+00:00\",\"breadcrumb\":{\"@id\":\"https:\/\/www.plasticsbenet.com\/?page_id=44#breadcrumb\"},\"inLanguage\":\"es\",\"potentialAction\":[{\"@type\":\"ReadAction\",\"target\":[\"https:\/\/www.plasticsbenet.com\/?page_id=44\"]}]},{\"@type\":\"BreadcrumbList\",\"@id\":\"https:\/\/www.plasticsbenet.com\/?page_id=44#breadcrumb\",\"itemListElement\":[{\"@type\":\"ListItem\",\"position\":1,\"name\":\"Portada\",\"item\":\"https:\/\/www.plasticsbenet.com\/\"},{\"@type\":\"ListItem\",\"position\":2,\"name\":\"Empresa\"}]},{\"@type\":\"WebSite\",\"@id\":\"https:\/\/www.plasticsbenet.com\/#website\",\"url\":\"https:\/\/www.plasticsbenet.com\/\",\"name\":\"PLASTICS BENET\",\"description\":\"\",\"publisher\":{\"@id\":\"https:\/\/www.plasticsbenet.com\/#organization\"},\"potentialAction\":[{\"@type\":\"SearchAction\",\"target\":{\"@type\":\"EntryPoint\",\"urlTemplate\":\"https:\/\/www.plasticsbenet.com\/?s={search_term_string}\"},\"query-input\":\"required name=search_term_string\"}],\"inLanguage\":\"es\"},{\"@type\":\"Organization\",\"@id\":\"https:\/\/www.plasticsbenet.com\/#organization\",\"name\":\"PLASTICS BENET\",\"url\":\"https:\/\/www.plasticsbenet.com\/\",\"logo\":{\"@type\":\"ImageObject\",\"inLanguage\":\"es\",\"@id\":\"https:\/\/www.plasticsbenet.com\/#\/schema\/logo\/image\/\",\"url\":\"https:\/\/www.plasticsbenet.com\/wp-content\/uploads\/2020\/05\/Logo.jpg\",\"contentUrl\":\"https:\/\/www.plasticsbenet.com\/wp-content\/uploads\/2020\/05\/Logo.jpg\",\"width\":140,\"height\":141,\"caption\":\"PLASTICS BENET\"},\"image\":{\"@id\":\"https:\/\/www.plasticsbenet.com\/#\/schema\/logo\/image\/\"}}]}<\/script>\n<!-- \/ Yoast SEO plugin. -->","yoast_head_json":{"title":"Empresa - PLASTICS BENET","robots":{"index":"index","follow":"follow","max-snippet":"max-snippet:-1","max-image-preview":"max-image-preview:large","max-video-preview":"max-video-preview:-1"},"canonical":"https:\/\/www.plasticsbenet.com\/?page_id=44","og_locale":"es_ES","og_type":"article","og_title":"Empresa - PLASTICS BENET","og_description":"Dise\u00f1amos, realizamos prototipos y fabricamos, ajust\u00e1ndose a las necesidades del cliente, somos sumamente \u00e1giles en su realizaci\u00f3n. No se consigue nada que valga la pena sin esfuerzo. Nuestra ilusi\u00f3n y el objetivo de cada d\u00eda se base en esto. La experiencia, un equipo de profesionales y una estructura de medios ofrece \u00absoluciones\u00bb con calidad y Leer m\u00e1sEmpresa[&hellip;]","og_url":"https:\/\/www.plasticsbenet.com\/?page_id=44","og_site_name":"PLASTICS BENET","article_modified_time":"2020-06-17T16:24:54+00:00","twitter_card":"summary_large_image","schema":{"@context":"https:\/\/schema.org","@graph":[{"@type":"WebPage","@id":"https:\/\/www.plasticsbenet.com\/?page_id=44","url":"https:\/\/www.plasticsbenet.com\/?page_id=44","name":"Empresa - PLASTICS BENET","isPartOf":{"@id":"https:\/\/www.plasticsbenet.com\/#website"},"datePublished":"2020-05-26T20:58:49+00:00","dateModified":"2020-06-17T16:24:54+00:00","breadcrumb":{"@id":"https:\/\/www.plasticsbenet.com\/?page_id=44#breadcrumb"},"inLanguage":"es","potentialAction":[{"@type":"ReadAction","target":["https:\/\/www.plasticsbenet.com\/?page_id=44"]}]},{"@type":"BreadcrumbList","@id":"https:\/\/www.plasticsbenet.com\/?page_id=44#breadcrumb","itemListElement":[{"@type":"ListItem","position":1,"name":"Portada","item":"https:\/\/www.plasticsbenet.com\/"},{"@type":"ListItem","position":2,"name":"Empresa"}]},{"@type":"WebSite","@id":"https:\/\/www.plasticsbenet.com\/#website","url":"https:\/\/www.plasticsbenet.com\/","name":"PLASTICS BENET","description":"","publisher":{"@id":"https:\/\/www.plasticsbenet.com\/#organization"},"potentialAction":[{"@type":"SearchAction","target":{"@type":"EntryPoint","urlTemplate":"https:\/\/www.plasticsbenet.com\/?s={search_term_string}"},"query-input":"required name=search_term_string"}],"inLanguage":"es"},{"@type":"Organization","@id":"https:\/\/www.plasticsbenet.com\/#organization","name":"PLASTICS BENET","url":"https:\/\/www.plasticsbenet.com\/","logo":{"@type":"ImageObject","inLanguage":"es","@id":"https:\/\/www.plasticsbenet.com\/#\/schema\/logo\/image\/","url":"https:\/\/www.plasticsbenet.com\/wp-content\/uploads\/2020\/05\/Logo.jpg","contentUrl":"https:\/\/www.plasticsbenet.com\/wp-content\/uploads\/2020\/05\/Logo.jpg","width":140,"height":141,"caption":"PLASTICS BENET"},"image":{"@id":"https:\/\/www.plasticsbenet.com\/#\/schema\/logo\/image\/"}}]}},"_links":{"self":[{"href":"https:\/\/www.plasticsbenet.com\/index.php?rest_route=\/wp\/v2\/pages\/44","targetHints":{"allow":["GET"]}}],"collection":[{"href":"https:\/\/www.plasticsbenet.com\/index.php?rest_route=\/wp\/v2\/pages"}],"about":[{"href":"https:\/\/www.plasticsbenet.com\/index.php?rest_route=\/wp\/v2\/types\/page"}],"author":[{"embeddable":true,"href":"https:\/\/www.plasticsbenet.com\/index.php?rest_route=\/wp\/v2\/users\/1"}],"replies":[{"embeddable":true,"href":"https:\/\/www.plasticsbenet.com\/index.php?rest_route=%2Fwp%2Fv2%2Fcomments&post=44"}],"version-history":[{"count":5,"href":"https:\/\/www.plasticsbenet.com\/index.php?rest_route=\/wp\/v2\/pages\/44\/revisions"}],"predecessor-version":[{"id":89,"href":"https:\/\/www.plasticsbenet.com\/index.php?rest_route=\/wp\/v2\/pages\/44\/revisions\/89"}],"wp:attachment":[{"href":"https:\/\/www.plasticsbenet.com\/index.php?rest_route=%2Fwp%2Fv2%2Fmedia&parent=44"}],"curies":[{"name":"wp","href":"https:\/\/api.w.org\/{rel}","templated":true}]}}