{"id":95,"date":"2020-06-15T22:58:49","date_gmt":"2020-06-15T20:58:49","guid":{"rendered":"https:\/\/www.plasticsbenet.com\/?page_id=95"},"modified":"2020-06-15T23:24:08","modified_gmt":"2020-06-15T21:24:08","slug":"seguridad-y-privacidad","status":"publish","type":"page","link":"https:\/\/www.plasticsbenet.com\/?page_id=95","title":{"rendered":"Seguridad y Privacidad"},"content":{"rendered":"\n<div class=\"wp-block-themeisle-blocks-advanced-columns has-2-columns has-desktop-equal-layout has-tablet-equal-layout has-mobile-collapsedRows-layout has-default-gap has-vertical-unset\" id=\"wp-block-themeisle-blocks-advanced-columns-65bff459\"><div class=\"wp-block-themeisle-blocks-advanced-columns-overlay\"><\/div><div class=\"innerblocks-wrap\">\n<div class=\"wp-block-themeisle-blocks-advanced-column\" id=\"wp-block-themeisle-blocks-advanced-column-d9e60e63\">\n<p>AVISO LEGAL<\/p>\n\n\n\n<p>En cumplimiento con el deber de informaci\u00f3n recogido en art\u00edculo 10 de la Ley 34\/2002, de 11 de julio, de Servicios de la Sociedad de la Informaci\u00f3n y del Comercio Electr\u00f3nico (LSSICE), el propietario de la web , le informa de lo siguiente:<\/p>\n\n\n\n<ul class=\"wp-block-list\"><li>Denominaci\u00f3n social: PLASTICS BENET SL<\/li><li>CIF: B60434057<\/li><li>Domicilio: POL. CANTALLOPS. C\/ROSSELL\u00d3, S\/N., N 08185 &#8211; LLI\u00c7\u00c0 DE VALL (Barcelona)<\/li><\/ul>\n\n\n\n<p>Con los l\u00edmites establecidos en la ley, PLASTICS BENET&nbsp; S.L. no asume ninguna responsabilidad derivada de la falta de veracidad, integridad, actualizaci\u00f3n y precisi\u00f3n de los datos o informaciones que contienen sus p\u00e1ginas web.<\/p>\n\n\n\n<p>Los contenidos e informaci\u00f3n no vinculan a PLASTICS BENET&nbsp; S.L. ni constituyen opiniones, consejos o asesoramiento legal de ning\u00fan tipo pues se trata meramente de un servicio ofrecido con car\u00e1cter informativo y divulgativo.<\/p>\n\n\n\n<p>Las p\u00e1ginas de Internet de PLASTICS BENET&nbsp; S.L. pueden contener enlaces (links) a otras p\u00e1ginas de terceras partes que PLASTICS BENET&nbsp; S.L. no puede controlar. Por lo tanto, PLASTICS BENET&nbsp; S.L. no puede asumir responsabilidades por el contenido que pueda aparecer en p\u00e1ginas de terceros.<\/p>\n\n\n\n<p>Los textos, im\u00e1genes, sonidos, animaciones, software y el resto de contenidos incluidos en este website son propiedad exclusiva de PLASTICS BENET&nbsp; S.L. o sus licenciantes. Cualquier acto de transmisi\u00f3n, distribuci\u00f3n, cesi\u00f3n, reproducci\u00f3n, almacenamiento o comunicaci\u00f3n p\u00fablica total o parcial, deber\u00e1 contar con el consentimiento expreso de PLASTICS BENET&nbsp; S.L..<\/p>\n\n\n\n<p>Asimismo, para acceder a algunos de los servicios que PLASTICS BENET&nbsp; S.L. ofrece a trav\u00e9s del sitio web, deber\u00e1 proporcionar algunos datos de car\u00e1cter personal. En cumplimiento de lo establecido en el Reglamento (UE) 2016\/679 del Parlamento Europeo y del Consejo, de 27 de abril de 2016, relativo a la protecci\u00f3n de las personas f\u00edsicas en lo que respecta al tratamiento de datos personales y a la libre circulaci\u00f3n de estos datos le informamos que, mediante la cumplimentaci\u00f3n de los presentes formularios, sus datos personales quedar\u00e1n incorporados y ser\u00e1n tratados en los ficheros de PLASTICS BENET&nbsp; S.L. con el fin de poderle prestar y ofrecer nuestros servicios as\u00ed como para informarle de las mejoras del sitio Web.<\/p>\n\n\n\n<p>Le informamos tambi\u00e9n de que tendr\u00e1 la posibilidad en todo momento de ejercer los derechos de acceso, rectificaci\u00f3n, cancelaci\u00f3n, oposici\u00f3n, limitaci\u00f3n y portabilidad de sus datos de car\u00e1cter personal, de manera gratuita mediante email a: plasticsbenet@plasticsbenet.com o en la direcci\u00f3n: : POL. CANTALLOPS. C\/ROSSELL\u00d3, S\/N., N 08185 &#8211; LLI\u00c7\u00c0 DE VALL (Barcelona)<\/p>\n<\/div>\n\n\n\n<div class=\"wp-block-themeisle-blocks-advanced-column\" id=\"wp-block-themeisle-blocks-advanced-column-f6eb8ee5\"><\/div>\n<\/div><\/div>\n","protected":false},"excerpt":{"rendered":"","protected":false},"author":1,"featured_media":0,"parent":0,"menu_order":0,"comment_status":"closed","ping_status":"closed","template":"","meta":{"footnotes":""},"class_list":["post-95","page","type-page","status-publish","hentry"],"yoast_head":"<!-- This site is optimized with the Yoast SEO plugin v20.2.1 - https:\/\/yoast.com\/wordpress\/plugins\/seo\/ -->\n<title>Seguridad y Privacidad - PLASTICS BENET<\/title>\n<meta name=\"robots\" content=\"index, follow, max-snippet:-1, max-image-preview:large, max-video-preview:-1\" \/>\n<link rel=\"canonical\" href=\"https:\/\/www.plasticsbenet.com\/?page_id=95\" \/>\n<meta property=\"og:locale\" content=\"es_ES\" \/>\n<meta property=\"og:type\" content=\"article\" \/>\n<meta property=\"og:title\" content=\"Seguridad y Privacidad - PLASTICS BENET\" \/>\n<meta property=\"og:url\" content=\"https:\/\/www.plasticsbenet.com\/?page_id=95\" \/>\n<meta property=\"og:site_name\" content=\"PLASTICS BENET\" \/>\n<meta property=\"article:modified_time\" content=\"2020-06-15T21:24:08+00:00\" \/>\n<meta name=\"twitter:card\" content=\"summary_large_image\" \/>\n<meta name=\"twitter:label1\" content=\"Tiempo de lectura\" \/>\n\t<meta name=\"twitter:data1\" content=\"2 minutos\" \/>\n<script type=\"application\/ld+json\" class=\"yoast-schema-graph\">{\"@context\":\"https:\/\/schema.org\",\"@graph\":[{\"@type\":\"WebPage\",\"@id\":\"https:\/\/www.plasticsbenet.com\/?page_id=95\",\"url\":\"https:\/\/www.plasticsbenet.com\/?page_id=95\",\"name\":\"Seguridad y Privacidad - PLASTICS BENET\",\"isPartOf\":{\"@id\":\"https:\/\/www.plasticsbenet.com\/#website\"},\"datePublished\":\"2020-06-15T20:58:49+00:00\",\"dateModified\":\"2020-06-15T21:24:08+00:00\",\"breadcrumb\":{\"@id\":\"https:\/\/www.plasticsbenet.com\/?page_id=95#breadcrumb\"},\"inLanguage\":\"es\",\"potentialAction\":[{\"@type\":\"ReadAction\",\"target\":[\"https:\/\/www.plasticsbenet.com\/?page_id=95\"]}]},{\"@type\":\"BreadcrumbList\",\"@id\":\"https:\/\/www.plasticsbenet.com\/?page_id=95#breadcrumb\",\"itemListElement\":[{\"@type\":\"ListItem\",\"position\":1,\"name\":\"Portada\",\"item\":\"https:\/\/www.plasticsbenet.com\/\"},{\"@type\":\"ListItem\",\"position\":2,\"name\":\"Seguridad y Privacidad\"}]},{\"@type\":\"WebSite\",\"@id\":\"https:\/\/www.plasticsbenet.com\/#website\",\"url\":\"https:\/\/www.plasticsbenet.com\/\",\"name\":\"PLASTICS BENET\",\"description\":\"\",\"publisher\":{\"@id\":\"https:\/\/www.plasticsbenet.com\/#organization\"},\"potentialAction\":[{\"@type\":\"SearchAction\",\"target\":{\"@type\":\"EntryPoint\",\"urlTemplate\":\"https:\/\/www.plasticsbenet.com\/?s={search_term_string}\"},\"query-input\":\"required name=search_term_string\"}],\"inLanguage\":\"es\"},{\"@type\":\"Organization\",\"@id\":\"https:\/\/www.plasticsbenet.com\/#organization\",\"name\":\"PLASTICS BENET\",\"url\":\"https:\/\/www.plasticsbenet.com\/\",\"logo\":{\"@type\":\"ImageObject\",\"inLanguage\":\"es\",\"@id\":\"https:\/\/www.plasticsbenet.com\/#\/schema\/logo\/image\/\",\"url\":\"https:\/\/www.plasticsbenet.com\/wp-content\/uploads\/2020\/05\/Logo.jpg\",\"contentUrl\":\"https:\/\/www.plasticsbenet.com\/wp-content\/uploads\/2020\/05\/Logo.jpg\",\"width\":140,\"height\":141,\"caption\":\"PLASTICS BENET\"},\"image\":{\"@id\":\"https:\/\/www.plasticsbenet.com\/#\/schema\/logo\/image\/\"}}]}<\/script>\n<!-- \/ Yoast SEO plugin. -->","yoast_head_json":{"title":"Seguridad y Privacidad - PLASTICS BENET","robots":{"index":"index","follow":"follow","max-snippet":"max-snippet:-1","max-image-preview":"max-image-preview:large","max-video-preview":"max-video-preview:-1"},"canonical":"https:\/\/www.plasticsbenet.com\/?page_id=95","og_locale":"es_ES","og_type":"article","og_title":"Seguridad y Privacidad - PLASTICS BENET","og_url":"https:\/\/www.plasticsbenet.com\/?page_id=95","og_site_name":"PLASTICS BENET","article_modified_time":"2020-06-15T21:24:08+00:00","twitter_card":"summary_large_image","twitter_misc":{"Tiempo de lectura":"2 minutos"},"schema":{"@context":"https:\/\/schema.org","@graph":[{"@type":"WebPage","@id":"https:\/\/www.plasticsbenet.com\/?page_id=95","url":"https:\/\/www.plasticsbenet.com\/?page_id=95","name":"Seguridad y Privacidad - PLASTICS BENET","isPartOf":{"@id":"https:\/\/www.plasticsbenet.com\/#website"},"datePublished":"2020-06-15T20:58:49+00:00","dateModified":"2020-06-15T21:24:08+00:00","breadcrumb":{"@id":"https:\/\/www.plasticsbenet.com\/?page_id=95#breadcrumb"},"inLanguage":"es","potentialAction":[{"@type":"ReadAction","target":["https:\/\/www.plasticsbenet.com\/?page_id=95"]}]},{"@type":"BreadcrumbList","@id":"https:\/\/www.plasticsbenet.com\/?page_id=95#breadcrumb","itemListElement":[{"@type":"ListItem","position":1,"name":"Portada","item":"https:\/\/www.plasticsbenet.com\/"},{"@type":"ListItem","position":2,"name":"Seguridad y Privacidad"}]},{"@type":"WebSite","@id":"https:\/\/www.plasticsbenet.com\/#website","url":"https:\/\/www.plasticsbenet.com\/","name":"PLASTICS BENET","description":"","publisher":{"@id":"https:\/\/www.plasticsbenet.com\/#organization"},"potentialAction":[{"@type":"SearchAction","target":{"@type":"EntryPoint","urlTemplate":"https:\/\/www.plasticsbenet.com\/?s={search_term_string}"},"query-input":"required name=search_term_string"}],"inLanguage":"es"},{"@type":"Organization","@id":"https:\/\/www.plasticsbenet.com\/#organization","name":"PLASTICS BENET","url":"https:\/\/www.plasticsbenet.com\/","logo":{"@type":"ImageObject","inLanguage":"es","@id":"https:\/\/www.plasticsbenet.com\/#\/schema\/logo\/image\/","url":"https:\/\/www.plasticsbenet.com\/wp-content\/uploads\/2020\/05\/Logo.jpg","contentUrl":"https:\/\/www.plasticsbenet.com\/wp-content\/uploads\/2020\/05\/Logo.jpg","width":140,"height":141,"caption":"PLASTICS BENET"},"image":{"@id":"https:\/\/www.plasticsbenet.com\/#\/schema\/logo\/image\/"}}]}},"_links":{"self":[{"href":"https:\/\/www.plasticsbenet.com\/index.php?rest_route=\/wp\/v2\/pages\/95","targetHints":{"allow":["GET"]}}],"collection":[{"href":"https:\/\/www.plasticsbenet.com\/index.php?rest_route=\/wp\/v2\/pages"}],"about":[{"href":"https:\/\/www.plasticsbenet.com\/index.php?rest_route=\/wp\/v2\/types\/page"}],"author":[{"embeddable":true,"href":"https:\/\/www.plasticsbenet.com\/index.php?rest_route=\/wp\/v2\/users\/1"}],"replies":[{"embeddable":true,"href":"https:\/\/www.plasticsbenet.com\/index.php?rest_route=%2Fwp%2Fv2%2Fcomments&post=95"}],"version-history":[{"count":3,"href":"https:\/\/www.plasticsbenet.com\/index.php?rest_route=\/wp\/v2\/pages\/95\/revisions"}],"predecessor-version":[{"id":101,"href":"https:\/\/www.plasticsbenet.com\/index.php?rest_route=\/wp\/v2\/pages\/95\/revisions\/101"}],"wp:attachment":[{"href":"https:\/\/www.plasticsbenet.com\/index.php?rest_route=%2Fwp%2Fv2%2Fmedia&parent=95"}],"curies":[{"name":"wp","href":"https:\/\/api.w.org\/{rel}","templated":true}]}}